{"id":183,"date":"2025-09-14T17:41:54","date_gmt":"2025-09-14T17:41:54","guid":{"rendered":"https:\/\/bunkerprime.com\/tr\/contact\/"},"modified":"2025-09-16T19:28:21","modified_gmt":"2025-09-16T19:28:21","slug":"contact","status":"publish","type":"page","link":"https:\/\/bunkerprime.com\/tr\/contact\/","title":{"rendered":"\u0130rtibat"},"content":{"rendered":"\n\n\n<p>Lorem Ipsum has been the industry&#8217;s standard dummy text ever since the 1500s.<\/p>\n\n\n<h4>Bizimle Ba\u011flant\u0131 Kurun<\/h4>\n<p><font class=\"notranslate immersive-translate-target-wrapper\" lang=\"tr\"><font class=\"notranslate immersive-translate-target-translation-theme-dividingLine immersive-translate-target-translation-block-wrapper-theme-dividingLine immersive-translate-target-translation-block-wrapper\" data-immersive-translate-translation-element-mark=\"1\"><font class=\"notranslate immersive-translate-target-inner immersive-translate-target-translation-theme-dividingLine-inner\" data-immersive-translate-translation-element-mark=\"1\">Prime\n Marine&#8217;in avantajlar\u0131n\u0131 ke\u015ffedin ve denizcilik operasyonlar\u0131n\u0131z\u0131 \ngeli\u015ftirin. Ekibimiz, filonuzun \u00f6zel ihtiya\u00e7lar\u0131na m\u00fckemmel \u015fekilde uyum\n sa\u011flayan \u00f6zel \u00e7\u00f6z\u00fcmler sunmaya haz\u0131r.<\/font><\/font><\/font><\/p>\n<p><font class=\"notranslate immersive-translate-target-wrapper\" lang=\"tr\"><font class=\"notranslate immersive-translate-target-translation-theme-dividingLine immersive-translate-target-translation-block-wrapper-theme-dividingLine immersive-translate-target-translation-block-wrapper\" data-immersive-translate-translation-element-mark=\"1\"><font class=\"notranslate immersive-translate-target-inner immersive-translate-target-translation-theme-dividingLine-inner\" data-immersive-translate-translation-element-mark=\"1\">Detayl\u0131\n bir dan\u0131\u015fmanl\u0131k, rekabet\u00e7i bir fiyat teklifi veya yenilik\u00e7i yak\u0131t ikmal\n stratejilerimizin i\u015fletmenizi nas\u0131l ileriye ta\u015f\u0131yabilece\u011fini ke\u015ffetmek \ni\u00e7in bug\u00fcn bizimle ileti\u015fime ge\u00e7in. <strong>Prime Marine: Her Yolculukta M\u00fckemmelli\u011fi Destekliyoruz.<\/strong><\/font><\/font><\/font><\/p>\n\n{&#8220;title&#8221;:&#8221;&#8221;,&#8221;form_id&#8221;:&#8221;332&#8243;}\n\n\n\n\n\n\n\n\n\n\nKuzeykent Mahallesi, Flex Ofis \u0130\u015f Merkezi, Yeni\u015fehir\/Mersin\n\n\n\n","protected":false},"excerpt":{"rendered":"","protected":false},"author":1,"featured_media":0,"parent":0,"menu_order":0,"comment_status":"closed","ping_status":"closed","template":"","meta":{"pagelayer_contact_templates":[],"_pagelayer_content":"","footnotes":""},"class_list":["post-183","page","type-page","status-publish","hentry"],"_links":{"self":[{"href":"https:\/\/bunkerprime.com\/tr\/wp-json\/wp\/v2\/pages\/183","targetHints":{"allow":["GET"]}}],"collection":[{"href":"https:\/\/bunkerprime.com\/tr\/wp-json\/wp\/v2\/pages"}],"about":[{"href":"https:\/\/bunkerprime.com\/tr\/wp-json\/wp\/v2\/types\/page"}],"author":[{"embeddable":true,"href":"https:\/\/bunkerprime.com\/tr\/wp-json\/wp\/v2\/users\/1"}],"replies":[{"embeddable":true,"href":"https:\/\/bunkerprime.com\/tr\/wp-json\/wp\/v2\/comments?post=183"}],"version-history":[{"count":30,"href":"https:\/\/bunkerprime.com\/tr\/wp-json\/wp\/v2\/pages\/183\/revisions"}],"predecessor-version":[{"id":374,"href":"https:\/\/bunkerprime.com\/tr\/wp-json\/wp\/v2\/pages\/183\/revisions\/374"}],"wp:attachment":[{"href":"https:\/\/bunkerprime.com\/tr\/wp-json\/wp\/v2\/media?parent=183"}],"curies":[{"name":"wp","href":"https:\/\/api.w.org\/{rel}","templated":true}]}}