{"id":185,"date":"2025-09-14T17:41:54","date_gmt":"2025-09-14T17:41:54","guid":{"rendered":"https:\/\/bunkerprime.com\/tr\/services\/"},"modified":"2025-10-12T10:22:43","modified_gmt":"2025-10-12T10:22:43","slug":"services","status":"publish","type":"page","link":"https:\/\/bunkerprime.com\/tr\/services\/","title":{"rendered":"Hizmetler"},"content":{"rendered":"\n\n\n<h1>Kalite G\u00fcvencemiz<\/h1>\n\n\n<h3>1.End\u00fcstri Lideri<\/h3>\n<p style=\"text-align: justify;\"><font class=\"notranslate immersive-translate-target-wrapper\" lang=\"tr\"><font class=\"notranslate immersive-translate-target-translation-theme-dividingLine immersive-translate-target-translation-block-wrapper-theme-dividingLine immersive-translate-target-translation-block-wrapper\" data-immersive-translate-translation-element-mark=\"1\"><font class=\"notranslate immersive-translate-target-inner immersive-translate-target-translation-theme-dividingLine-inner\" data-immersive-translate-translation-element-mark=\"1\">Prime\n Marine olarak, sadece tedarik\u00e7i olarak de\u011fil, ayn\u0131 zamanda Sekt\u00f6r \nLideri olarak da deniz yak\u0131t ikmal sekt\u00f6r\u00fcn\u00fcn \u00f6n saflar\u0131nda yer \nal\u0131yoruz. Kapsaml\u0131 deneyimimiz, derinlemesine pazar bilgimiz ve sekt\u00f6r \ntrendlerine y\u00f6nelik proaktif yakla\u015f\u0131m\u0131m\u0131z, m\u00fc\u015fterilerimize s\u00fcrekli \nolarak stratejik avantajlar sunmam\u0131z\u0131 sa\u011fl\u0131yor. K\u00fcresel yak\u0131t \npiyasalar\u0131n\u0131n karma\u015f\u0131kl\u0131\u011f\u0131, mevzuat de\u011fi\u015fiklikleri ve lojistik \nzorluklarla ba\u015fa \u00e7\u0131karak, operasyonlar\u0131n\u0131z\u0131 verimli ve rekabet\u00e7i tutan \nbilin\u00e7li \u00e7\u00f6z\u00fcmler sunuyoruz. D\u00fcnyan\u0131z\u0131 anlayan ve ba\u015far\u0131n\u0131z\u0131 ilerletmeye\n kendini adam\u0131\u015f bir liderle i\u015f ortakl\u0131\u011f\u0131 yap\u0131n.<\/font><\/font><\/font><\/p>\n<h3>2.Kalite Standartlar\u0131<\/h3>\n<p style=\"text-align: justify;\"><font class=\"notranslate immersive-translate-target-wrapper\" lang=\"tr\"><font class=\"notranslate immersive-translate-target-translation-theme-dividingLine immersive-translate-target-translation-block-wrapper-theme-dividingLine immersive-translate-target-translation-block-wrapper\" data-immersive-translate-translation-element-mark=\"1\"><font class=\"notranslate immersive-translate-target-inner immersive-translate-target-translation-theme-dividingLine-inner\" data-immersive-translate-translation-element-mark=\"1\">M\u00fckemmellik\n taahh\u00fcd\u00fcm\u00fcz, sars\u0131lmaz Kalite Standartlar\u0131 ile desteklenmektedir. Prime\n Marine, tedarik etti\u011fimiz her damla yak\u0131t\u0131n ve her litre ya\u011f\u0131n \nbeklentileri kar\u015f\u0131lamas\u0131n\u0131 veya a\u015fmas\u0131n\u0131 sa\u011flayarak en kat\u0131 uluslararas\u0131\n ve sekt\u00f6re \u00f6zg\u00fc d\u00fczenlemelere uymaktad\u0131r. Titiz testler, titiz kullan\u0131m\n ve \u015feffaf sertifikasyon s\u00fcre\u00e7leriyle, gemileriniz i\u00e7in \u00fcr\u00fcn b\u00fct\u00fcnl\u00fc\u011f\u00fcn\u00fc\n ve optimum performans\u0131 garanti ediyoruz. Makinelerinizi korumak ve her \nseferinde sorunsuz ve kurallara uygun yolculuklar sa\u011flamak i\u00e7in \nkalitemize g\u00fcvenin.<\/font><\/font><\/font><\/p>\n<h3>3.Modern Teknikler<\/h3>\n<p style=\"text-align: justify;\"><font class=\"notranslate immersive-translate-target-wrapper\" lang=\"tr\"><font class=\"notranslate immersive-translate-target-translation-theme-dividingLine immersive-translate-target-translation-block-wrapper-theme-dividingLine immersive-translate-target-translation-block-wrapper\" data-immersive-translate-translation-element-mark=\"1\"><font class=\"notranslate immersive-translate-target-inner immersive-translate-target-translation-theme-dividingLine-inner\" data-immersive-translate-translation-element-mark=\"1\">\u0130novasyonu\n benimseyen Prime Marine, Modern Teknikleri hizmet sunumumuzu her \ny\u00f6n\u00fcyle entegre ediyor. Ger\u00e7ek zamanl\u0131 sipari\u015f takibi ve piyasa \nanaliti\u011fi i\u00e7in geli\u015fmi\u015f dijital platformlardan, son teknoloji yak\u0131t \nikmal ekipmanlar\u0131na ve optimize edilmi\u015f lojistik metodolojilerine kadar,\n verimlili\u011fi, do\u011frulu\u011fu ve \u00e7evresel sorumlulu\u011fu art\u0131rmak i\u00e7in \nteknolojiden yararlan\u0131yoruz. Modern \u00e7\u00f6z\u00fcmlere yapt\u0131\u011f\u0131m\u0131z s\u00fcrekli \nyat\u0131r\u0131m, filonuz i\u00e7in daha h\u0131zl\u0131 teslimat s\u00fcreleri, azalt\u0131lm\u0131\u015f \noperasyonel riskler ve daha ak\u0131ll\u0131, daha s\u00fcrd\u00fcr\u00fclebilir bir yak\u0131t ikmal \ndeneyimi anlam\u0131na geliyor.<\/font><\/font><\/font><\/p>\n\n\n<p>Lorem Ipsum has been the industry&#8217;s standard dummy text ever since the 1500s.<\/p>\n\n\n\n\n\n\n<p>Lorem Ipsum has been the industry&#8217;s standard dummy text ever since the 1500s.<\/p>\n\n\n<h3>Hizmetlerimiz<\/h3>\n<p><font class=\"notranslate immersive-translate-target-wrapper\" lang=\"tr\"><font class=\"notranslate immersive-translate-target-translation-theme-dividingLine immersive-translate-target-translation-block-wrapper-theme-dividingLine immersive-translate-target-translation-block-wrapper\" data-immersive-translate-translation-element-mark=\"1\"><font class=\"notranslate immersive-translate-target-inner immersive-translate-target-translation-theme-dividingLine-inner\" data-immersive-translate-translation-element-mark=\"1\">Filonuzun\n \u00e7e\u015fitli ihtiya\u00e7lar\u0131n\u0131 kar\u015f\u0131lamak \u00fczere tasarlanm\u0131\u015f kapsaml\u0131 bir yak\u0131t \nikmal \u00e7\u00f6z\u00fcmleri paketi sunuyoruz. Hizmetlerimiz \u015funlar\u0131 i\u00e7erir:<\/font><\/font><\/font><\/p>\n\n<p><br><\/p>\n\n<p><font class=\"notranslate immersive-translate-target-wrapper\" lang=\"tr\"><font class=\"notranslate immersive-translate-target-translation-theme-dividingLine immersive-translate-target-translation-block-wrapper-theme-dividingLine immersive-translate-target-translation-block-wrapper\" data-immersive-translate-translation-element-mark=\"1\"><font class=\"notranslate immersive-translate-target-inner immersive-translate-target-translation-theme-dividingLine-inner\" data-immersive-translate-translation-element-mark=\"1\">\u00b7 <strong>K\u00fcresel Yak\u0131t Temini:<\/strong> D\u00fcnya \u00e7ap\u0131ndaki b\u00fcy\u00fck limanlarda geni\u015f yelpazede yak\u0131tlara eri\u015fim.<\/font><\/font><\/font><\/p>\n<p><font class=\"notranslate immersive-translate-target-wrapper\" lang=\"tr\"><font class=\"notranslate immersive-translate-target-translation-theme-dividingLine immersive-translate-target-translation-block-wrapper-theme-dividingLine immersive-translate-target-translation-block-wrapper\" data-immersive-translate-translation-element-mark=\"1\"><font class=\"notranslate immersive-translate-target-inner immersive-translate-target-translation-theme-dividingLine-inner\" data-immersive-translate-translation-element-mark=\"1\">\u00b7 <strong>Ya\u011flay\u0131c\u0131 Temini<\/strong> : Makinelerinizin sorunsuz ve verimli \u00e7al\u0131\u015fmas\u0131n\u0131 sa\u011flamak i\u00e7in y\u00fcksek kaliteli ya\u011flay\u0131c\u0131lar.<\/font><\/font><\/font><\/p>\n<p><font class=\"notranslate immersive-translate-target-wrapper\" lang=\"tr\"><font class=\"notranslate immersive-translate-target-translation-theme-dividingLine immersive-translate-target-translation-block-wrapper-theme-dividingLine immersive-translate-target-translation-block-wrapper\" data-immersive-translate-translation-element-mark=\"1\"><font class=\"notranslate immersive-translate-target-inner immersive-translate-target-translation-theme-dividingLine-inner\" data-immersive-translate-translation-element-mark=\"1\">\u00b7 <strong>7\/24 Destek<\/strong> : Uzman ekibimiz sorular\u0131n\u0131z\u0131 ve operasyonel ihtiya\u00e7lar\u0131n\u0131z\u0131 kar\u015f\u0131lamak i\u00e7in her zaman hizmetinizdedir.<\/font><\/font><\/font><\/p>\n<p><font class=\"notranslate immersive-translate-target-wrapper\" lang=\"tr\"><font class=\"notranslate immersive-translate-target-translation-theme-dividingLine immersive-translate-target-translation-block-wrapper-theme-dividingLine immersive-translate-target-translation-block-wrapper\" data-immersive-translate-translation-element-mark=\"1\"><font class=\"notranslate immersive-translate-target-inner immersive-translate-target-translation-theme-dividingLine-inner\" data-immersive-translate-translation-element-mark=\"1\">\u00b7 <strong>Operasyonel Optimizasyon<\/strong> : Yak\u0131t ikmal s\u00fcre\u00e7lerinizi kolayla\u015ft\u0131rmak i\u00e7in geli\u015fmi\u015f analitiklerden yararlan\u0131yoruz.<\/font><\/font><\/font><\/p>\n\n\n","protected":false},"excerpt":{"rendered":"","protected":false},"author":1,"featured_media":0,"parent":0,"menu_order":0,"comment_status":"closed","ping_status":"closed","template":"","meta":{"pagelayer_contact_templates":[],"_pagelayer_content":"","footnotes":""},"class_list":["post-185","page","type-page","status-publish","hentry"],"_links":{"self":[{"href":"https:\/\/bunkerprime.com\/tr\/wp-json\/wp\/v2\/pages\/185","targetHints":{"allow":["GET"]}}],"collection":[{"href":"https:\/\/bunkerprime.com\/tr\/wp-json\/wp\/v2\/pages"}],"about":[{"href":"https:\/\/bunkerprime.com\/tr\/wp-json\/wp\/v2\/types\/page"}],"author":[{"embeddable":true,"href":"https:\/\/bunkerprime.com\/tr\/wp-json\/wp\/v2\/users\/1"}],"replies":[{"embeddable":true,"href":"https:\/\/bunkerprime.com\/tr\/wp-json\/wp\/v2\/comments?post=185"}],"version-history":[{"count":17,"href":"https:\/\/bunkerprime.com\/tr\/wp-json\/wp\/v2\/pages\/185\/revisions"}],"predecessor-version":[{"id":392,"href":"https:\/\/bunkerprime.com\/tr\/wp-json\/wp\/v2\/pages\/185\/revisions\/392"}],"wp:attachment":[{"href":"https:\/\/bunkerprime.com\/tr\/wp-json\/wp\/v2\/media?parent=185"}],"curies":[{"name":"wp","href":"https:\/\/api.w.org\/{rel}","templated":true}]}}