{"id":187,"date":"2025-09-14T17:41:54","date_gmt":"2025-09-14T17:41:54","guid":{"rendered":"https:\/\/bunkerprime.com\/tr\/about\/"},"modified":"2025-10-12T10:21:27","modified_gmt":"2025-10-12T10:21:27","slug":"about","status":"publish","type":"page","link":"https:\/\/bunkerprime.com\/tr\/about\/","title":{"rendered":"Hakk\u0131m\u0131zda"},"content":{"rendered":"\n\n\n<h1>Biz Lider \u015eirketiz<\/h1>\n<p style=\"text-align: justify;\"><font class=\"notranslate immersive-translate-target-wrapper\" lang=\"tr\"><font class=\"notranslate immersive-translate-target-translation-theme-dividingLine immersive-translate-target-translation-block-wrapper-theme-dividingLine immersive-translate-target-translation-block-wrapper\" data-immersive-translate-translation-element-mark=\"1\"><font class=\"notranslate immersive-translate-target-inner immersive-translate-target-translation-theme-dividingLine-inner\" data-immersive-translate-translation-element-mark=\"1\">Sadece\n bir hizmet sa\u011flay\u0131c\u0131s\u0131 de\u011fil, ayn\u0131 zamanda deniz yak\u0131t ikmal \nsekt\u00f6r\u00fcndeki stratejik orta\u011f\u0131n\u0131z olarak hizmet veriyoruz. G\u00fcn\u00fcm\u00fcz \ndenizcilik operasyonlar\u0131n\u0131n karma\u015f\u0131kl\u0131\u011f\u0131n\u0131 ve kritik ihtiya\u00e7lar\u0131n\u0131 \nanl\u0131yoruz. Bu nedenle, \u015feffafl\u0131k, g\u00fcvenilirlik ve inovasyon temelleri \n\u00fczerine kurulu bir platform in\u015fa ettik.<\/font><\/font><\/font><br><font class=\"notranslate immersive-translate-target-wrapper\" lang=\"tr\"><font class=\"notranslate immersive-translate-target-translation-theme-dividingLine immersive-translate-target-translation-block-wrapper-theme-dividingLine immersive-translate-target-translation-block-wrapper\" data-immersive-translate-translation-element-mark=\"1\"><font class=\"notranslate immersive-translate-target-inner immersive-translate-target-translation-theme-dividingLine-inner\" data-immersive-translate-translation-element-mark=\"1\">Misyonumuz basit: \u0130\u015fletmenizi g\u00fc\u00e7lendiren kusursuz, verimli ve g\u00fcvenilir bir hizmet sunarak yak\u0131t ikmal deneyimini d\u00f6n\u00fc\u015ft\u00fcrmek.<\/font><\/font><\/font><\/p>\n<p style=\"text-align: justify;\"><font class=\"notranslate immersive-translate-target-wrapper\" lang=\"tr\"><font class=\"notranslate immersive-translate-target-translation-theme-dividingLine immersive-translate-target-translation-block-wrapper-theme-dividingLine immersive-translate-target-translation-block-wrapper\" data-immersive-translate-translation-element-mark=\"1\"><font class=\"notranslate immersive-translate-target-inner immersive-translate-target-translation-theme-dividingLine-inner\" data-immersive-translate-translation-element-mark=\"1\">Kapsaml\u0131\n k\u00fcresel a\u011f\u0131m\u0131z ve deneyimli sekt\u00f6r uzmanlar\u0131ndan olu\u015fan ekibimiz \nsayesinde, en y\u00fcksek kalitede yak\u0131t ve ya\u011flay\u0131c\u0131lara tam olarak ihtiya\u00e7 \nduydu\u011funuz anda ve yerde ula\u015fman\u0131z\u0131 sa\u011fl\u0131yoruz. MGO&#8217;dan VLSFO&#8217;ya kadar \n\u00fcr\u00fcn yelpazemiz, modern filolar\u0131n zorlu gereksinimlerini kar\u015f\u0131lamak \n\u00fczere titizlikle y\u00f6netilmektedir.<\/font><\/font><\/font><br><font class=\"notranslate immersive-translate-target-wrapper\" lang=\"tr\"><font class=\"notranslate immersive-translate-target-translation-theme-dividingLine immersive-translate-target-translation-block-wrapper-theme-dividingLine immersive-translate-target-translation-block-wrapper\" data-immersive-translate-translation-element-mark=\"1\"><font class=\"notranslate immersive-translate-target-inner immersive-translate-target-translation-theme-dividingLine-inner\" data-immersive-translate-translation-element-mark=\"1\">Prime\n Marine olarak, basit yak\u0131t teslimat\u0131n\u0131n \u00f6tesine ge\u00e7iyoruz. Yak\u0131t ikmal \noperasyonlar\u0131n\u0131z\u0131 optimize etmek i\u00e7in geli\u015fmi\u015f ve veri odakl\u0131 bir \nyakla\u015f\u0131m sunuyor, verimlili\u011fi art\u0131ran ve k\u00e2r\u0131n\u0131z\u0131 do\u011frudan etkileyen \nbilin\u00e7li kararlar alman\u0131za yard\u0131mc\u0131 oluyoruz.<\/font><\/font><\/font><\/p>\n<p style=\"text-align: justify;\"><font class=\"notranslate immersive-translate-target-wrapper\" lang=\"tr\"><font class=\"notranslate immersive-translate-target-translation-theme-dividingLine immersive-translate-target-translation-block-wrapper-theme-dividingLine immersive-translate-target-translation-block-wrapper\" data-immersive-translate-translation-element-mark=\"1\"><font class=\"notranslate immersive-translate-target-inner immersive-translate-target-translation-theme-dividingLine-inner\" data-immersive-translate-translation-element-mark=\"1\">G\u00fcven ve \u00fcst\u00fcn hizmet \u00fczerine kurulu uzun vadeli ili\u015fkiler geli\u015ftirmeye kararl\u0131y\u0131z.<\/font><\/font><\/font><br><font class=\"notranslate immersive-translate-target-wrapper\" lang=\"tr\"><font class=\"notranslate immersive-translate-target-translation-theme-dividingLine immersive-translate-target-translation-block-wrapper-theme-dividingLine immersive-translate-target-translation-block-wrapper\" data-immersive-translate-translation-element-mark=\"1\"><font class=\"notranslate immersive-translate-target-inner immersive-translate-target-translation-theme-dividingLine-inner\" data-immersive-translate-translation-element-mark=\"1\">Prime\n Marine&#8217;i se\u00e7in ve yak\u0131t ikmalinin gelece\u011fini, operasyonlar\u0131n\u0131z\u0131n her \nzamankinden daha sorunsuz, daha g\u00fcvenli ve daha karl\u0131 oldu\u011fu bir \ngelece\u011fi deneyimleyin.<\/font><\/font><\/font><\/p><p><br><\/p>\n\n\n\n<p>Lorem Ipsum has been the industry&#8217;s standard dummy text ever since the 1500s.<\/p>\n\n\n\n","protected":false},"excerpt":{"rendered":"","protected":false},"author":1,"featured_media":0,"parent":0,"menu_order":0,"comment_status":"closed","ping_status":"closed","template":"","meta":{"pagelayer_contact_templates":[],"_pagelayer_content":"","footnotes":""},"class_list":["post-187","page","type-page","status-publish","hentry"],"_links":{"self":[{"href":"https:\/\/bunkerprime.com\/tr\/wp-json\/wp\/v2\/pages\/187","targetHints":{"allow":["GET"]}}],"collection":[{"href":"https:\/\/bunkerprime.com\/tr\/wp-json\/wp\/v2\/pages"}],"about":[{"href":"https:\/\/bunkerprime.com\/tr\/wp-json\/wp\/v2\/types\/page"}],"author":[{"embeddable":true,"href":"https:\/\/bunkerprime.com\/tr\/wp-json\/wp\/v2\/users\/1"}],"replies":[{"embeddable":true,"href":"https:\/\/bunkerprime.com\/tr\/wp-json\/wp\/v2\/comments?post=187"}],"version-history":[{"count":15,"href":"https:\/\/bunkerprime.com\/tr\/wp-json\/wp\/v2\/pages\/187\/revisions"}],"predecessor-version":[{"id":390,"href":"https:\/\/bunkerprime.com\/tr\/wp-json\/wp\/v2\/pages\/187\/revisions\/390"}],"wp:attachment":[{"href":"https:\/\/bunkerprime.com\/tr\/wp-json\/wp\/v2\/media?parent=187"}],"curies":[{"name":"wp","href":"https:\/\/api.w.org\/{rel}","templated":true}]}}